{"id":5230,"date":"2023-04-26T15:22:36","date_gmt":"2023-04-26T15:22:36","guid":{"rendered":"https:\/\/diasporaflet.germin.org\/?page_id=5230"},"modified":"2023-04-27T16:24:00","modified_gmt":"2023-04-27T16:24:00","slug":"mike-bailey","status":"publish","type":"page","link":"https:\/\/diasporaflet.germin.org\/en\/mike-bailey\/","title":{"rendered":"Mike Bailey"},"content":{"rendered":"<div data-elementor-type=\"wp-page\" data-elementor-id=\"5230\" class=\"elementor elementor-5230\">\n\t\t\t\t\t\t<div class=\"elementor-inner\">\n\t\t\t\t<div class=\"elementor-section-wrap\">\n\t\t\t\t\t\t\t\t\t<section class=\"elementor-section elementor-top-section elementor-element elementor-element-863fd2a elementor-section-full_width elementor-section-height-default elementor-section-height-default\" data-id=\"863fd2a\" data-element_type=\"section\">\n\t\t\t\t\t\t<div class=\"elementor-container elementor-column-gap-default\">\n\t\t\t\t\t\t\t<div class=\"elementor-row\">\n\t\t\t\t\t<div class=\"elementor-column elementor-col-50 elementor-top-column elementor-element elementor-element-3db7483\" data-id=\"3db7483\" data-element_type=\"column\">\n\t\t\t<div class=\"elementor-column-wrap elementor-element-populated\">\n\t\t\t\t\t\t\t<div class=\"elementor-widget-wrap\">\n\t\t\t\t\t\t<div class=\"elementor-element elementor-element-6271155 elementor-widget elementor-widget-image\" data-id=\"6271155\" data-element_type=\"widget\" data-widget_type=\"image.default\">\n\t\t\t\t<div class=\"elementor-widget-container\">\n\t\t\t\t\t\t\t\t<div class=\"elementor-image\">\n\t\t\t\t\t\t\t\t\t\t\t\t<img decoding=\"async\" width=\"1080\" height=\"1080\" src=\"https:\/\/diasporaflet.germin.org\/wp-content\/uploads\/2023\/04\/MikeBailey.png\" class=\"attachment-full size-full wp-image-5291\" alt=\"\" loading=\"lazy\" srcset=\"https:\/\/diasporaflet.germin.org\/wp-content\/uploads\/2023\/04\/MikeBailey.png 1080w, https:\/\/diasporaflet.germin.org\/wp-content\/uploads\/2023\/04\/MikeBailey-300x300.png 300w, https:\/\/diasporaflet.germin.org\/wp-content\/uploads\/2023\/04\/MikeBailey-1024x1024.png 1024w, https:\/\/diasporaflet.germin.org\/wp-content\/uploads\/2023\/04\/MikeBailey-150x150.png 150w, https:\/\/diasporaflet.germin.org\/wp-content\/uploads\/2023\/04\/MikeBailey-768x768.png 768w, https:\/\/diasporaflet.germin.org\/wp-content\/uploads\/2023\/04\/MikeBailey-12x12.png 12w\" sizes=\"(max-width: 1080px) 100vw, 1080px\" \/>\t\t\t\t\t\t\t\t\t\t\t\t\t\t<\/div>\n\t\t\t\t\t\t<\/div>\n\t\t\t\t<\/div>\n\t\t\t\t<div class=\"elementor-element elementor-element-a781188 elementor-widget elementor-widget-heading\" data-id=\"a781188\" data-element_type=\"widget\" data-widget_type=\"heading.default\">\n\t\t\t\t<div class=\"elementor-widget-container\">\n\t\t\t<h3 class=\"elementor-heading-title elementor-size-default\">Mike Bailey <\/h3>\t\t<\/div>\n\t\t\t\t<\/div>\n\t\t\t\t<div class=\"elementor-element elementor-element-852771e elementor-widget elementor-widget-heading\" data-id=\"852771e\" data-element_type=\"widget\" data-widget_type=\"heading.default\">\n\t\t\t\t<div class=\"elementor-widget-container\">\n\t\t\t<h6 class=\"elementor-heading-title elementor-size-default\">Keynote Speaker<\/h6>\t\t<\/div>\n\t\t\t\t<\/div>\n\t\t\t\t\t\t<\/div>\n\t\t\t\t\t<\/div>\n\t\t<\/div>\n\t\t\t\t<div class=\"elementor-column elementor-col-50 elementor-top-column elementor-element elementor-element-a4d8eaa\" data-id=\"a4d8eaa\" data-element_type=\"column\">\n\t\t\t<div class=\"elementor-column-wrap elementor-element-populated\">\n\t\t\t\t\t\t\t<div class=\"elementor-widget-wrap\">\n\t\t\t\t\t\t<div class=\"elementor-element elementor-element-f96f425 elementor-widget elementor-widget-text-editor\" data-id=\"f96f425\" data-element_type=\"widget\" data-widget_type=\"text-editor.default\">\n\t\t\t\t<div class=\"elementor-widget-container\">\n\t\t\t\t\t\t\t\t<div class=\"elementor-text-editor elementor-clearfix\">\n\t\t\t\t<p>He began his fundraising career in Sydney, Australia as the Director of a local campaign,where he executed three full annual fundraising workplans, conducted hundreds of face-to-face solicitation meetings and produced dozens of fundraising events.<\/p><p>Following that, as an International Regional Director, he was responsible for fundraising campaigns in Canada, Australia, the United Kingdom and South Africa, and the professional teams in these countries, generating over US$ 46 million in donations a year.<\/p><p>For the last 12 years, he has held the position of Director of Development, in which he managed several development and service departments, led strategic fundraising initiatives, created a new strategy for securing wills and endowments, and oversaw the development and execution of hundreds of new philanthropic products, including over 100 capital construction projects and the establishment of an Impact Investing Fund.<\/p><p>As part of his responsibility for marketing, Mike developed and implemented a new branding strategy, created a new strategy for digital marketing, and oversaw the production of hundreds of marketing videos and other materials. He also reinvented and produced for 15 years the prestigious ILR (International Leadership Reunion) conferences for the Jewish world's most generous philanthropists.<\/p><p>Mike has extensive experience in teaching and training fundraising lay-leadership and professionals. He established and ran an international Conference for lay leaders, he conducted practical fundraising seminars in many countries, and helped local fundraising organizations develop their strategies. Over the years Mike trained over 400 fundraising professionals in one of the best practical fundraising courses in the world.<\/p><p>Today he is a senior advisor on impact investing and a mentor for fundraising organizations. Mike has a law degree from the Hebrew University in Jerusalem and worked as a lawyer in the business sector. He holds Master's (with Honors) in organizational development, specializing in Third Sector (nonprofit) organizations.<\/p>\t\t\t\t\t<\/div>\n\t\t\t\t\t\t<\/div>\n\t\t\t\t<\/div>\n\t\t\t\t\t\t<\/div>\n\t\t\t\t\t<\/div>\n\t\t<\/div>\n\t\t\t\t\t\t\t\t<\/div>\n\t\t\t\t\t<\/div>\n\t\t<\/section>\n\t\t\t\t\t\t\t\t\t<\/div>\n\t\t\t<\/div>\n\t\t\t\t\t<\/div>","protected":false},"excerpt":{"rendered":"<p>Mike Bailey Fol\u00ebsi kryesor Ai filloi karrier\u00ebn e tij p\u00ebr mbledhjen e fondeve n\u00eb Sidnei, Australi si Drejtor i nj\u00eb fushate lokale, ku kompletoi tre plane pune vjetore t\u00eb plota p\u00ebr mbledhjen e fondeve, zhvilloi qindra takime t\u00eb k\u00ebrkimit ball\u00eb p\u00ebr ball\u00eb dhe prodhoi dhjet\u00ebra ngjarje p\u00ebr mbledhjen e fondeve. Pas k\u00ebsaj, si Drejtor Rajonal &hellip;<\/p>\n<p class=\"read-more\"> <a class=\"\" href=\"https:\/\/diasporaflet.germin.org\/en\/mike-bailey\/\"> <span class=\"screen-reader-text\">Mike Bailey<\/span> Read More &raquo;<\/a><\/p>","protected":false},"author":1,"featured_media":0,"parent":0,"menu_order":0,"comment_status":"closed","ping_status":"closed","template":"","meta":{"site-sidebar-layout":"no-sidebar","site-content-layout":"page-builder","ast-global-header-display":"","ast-main-header-display":"","ast-hfb-above-header-display":"","ast-hfb-below-header-display":"","ast-hfb-mobile-header-display":"","site-post-title":"disabled","ast-breadcrumbs-content":"","ast-featured-img":"disabled","footer-sml-layout":"","theme-transparent-header-meta":"","adv-header-id-meta":"","stick-header-meta":"","header-above-stick-meta":"","header-main-stick-meta":"","header-below-stick-meta":""},"acf":[],"_links":{"self":[{"href":"https:\/\/diasporaflet.germin.org\/en\/wp-json\/wp\/v2\/pages\/5230"}],"collection":[{"href":"https:\/\/diasporaflet.germin.org\/en\/wp-json\/wp\/v2\/pages"}],"about":[{"href":"https:\/\/diasporaflet.germin.org\/en\/wp-json\/wp\/v2\/types\/page"}],"author":[{"embeddable":true,"href":"https:\/\/diasporaflet.germin.org\/en\/wp-json\/wp\/v2\/users\/1"}],"replies":[{"embeddable":true,"href":"https:\/\/diasporaflet.germin.org\/en\/wp-json\/wp\/v2\/comments?post=5230"}],"version-history":[{"count":25,"href":"https:\/\/diasporaflet.germin.org\/en\/wp-json\/wp\/v2\/pages\/5230\/revisions"}],"predecessor-version":[{"id":5308,"href":"https:\/\/diasporaflet.germin.org\/en\/wp-json\/wp\/v2\/pages\/5230\/revisions\/5308"}],"wp:attachment":[{"href":"https:\/\/diasporaflet.germin.org\/en\/wp-json\/wp\/v2\/media?parent=5230"}],"curies":[{"name":"wp","href":"https:\/\/api.w.org\/{rel}","templated":true}]}}