{"id":5228,"date":"2023-04-26T15:22:22","date_gmt":"2023-04-26T15:22:22","guid":{"rendered":"https:\/\/diasporaflet.germin.org\/?page_id=5228"},"modified":"2023-04-27T16:23:51","modified_gmt":"2023-04-27T16:23:51","slug":"hilmi-gashi","status":"publish","type":"page","link":"https:\/\/diasporaflet.germin.org\/en\/hilmi-gashi\/","title":{"rendered":"Hilmi Gashi"},"content":{"rendered":"<div data-elementor-type=\"wp-page\" data-elementor-id=\"5228\" class=\"elementor elementor-5228\">\n\t\t\t\t\t\t<div class=\"elementor-inner\">\n\t\t\t\t<div class=\"elementor-section-wrap\">\n\t\t\t\t\t\t\t\t\t<section class=\"elementor-section elementor-top-section elementor-element elementor-element-4b90645 elementor-section-full_width elementor-section-height-default elementor-section-height-default\" data-id=\"4b90645\" data-element_type=\"section\">\n\t\t\t\t\t\t<div class=\"elementor-container elementor-column-gap-default\">\n\t\t\t\t\t\t\t<div class=\"elementor-row\">\n\t\t\t\t\t<div class=\"elementor-column elementor-col-50 elementor-top-column elementor-element elementor-element-13e9c77\" data-id=\"13e9c77\" data-element_type=\"column\">\n\t\t\t<div class=\"elementor-column-wrap elementor-element-populated\">\n\t\t\t\t\t\t\t<div class=\"elementor-widget-wrap\">\n\t\t\t\t\t\t<div class=\"elementor-element elementor-element-d3f8a0a elementor-widget elementor-widget-image\" data-id=\"d3f8a0a\" data-element_type=\"widget\" data-widget_type=\"image.default\">\n\t\t\t\t<div class=\"elementor-widget-container\">\n\t\t\t\t\t\t\t\t<div class=\"elementor-image\">\n\t\t\t\t\t\t\t\t\t\t\t\t<img decoding=\"async\" width=\"1080\" height=\"1080\" src=\"https:\/\/diasporaflet.germin.org\/wp-content\/uploads\/2023\/04\/HilmiGashi.png\" class=\"attachment-full size-full wp-image-5292\" alt=\"\" loading=\"lazy\" srcset=\"https:\/\/diasporaflet.germin.org\/wp-content\/uploads\/2023\/04\/HilmiGashi.png 1080w, https:\/\/diasporaflet.germin.org\/wp-content\/uploads\/2023\/04\/HilmiGashi-300x300.png 300w, https:\/\/diasporaflet.germin.org\/wp-content\/uploads\/2023\/04\/HilmiGashi-1024x1024.png 1024w, https:\/\/diasporaflet.germin.org\/wp-content\/uploads\/2023\/04\/HilmiGashi-150x150.png 150w, https:\/\/diasporaflet.germin.org\/wp-content\/uploads\/2023\/04\/HilmiGashi-768x768.png 768w, https:\/\/diasporaflet.germin.org\/wp-content\/uploads\/2023\/04\/HilmiGashi-12x12.png 12w\" sizes=\"(max-width: 1080px) 100vw, 1080px\" \/>\t\t\t\t\t\t\t\t\t\t\t\t\t\t<\/div>\n\t\t\t\t\t\t<\/div>\n\t\t\t\t<\/div>\n\t\t\t\t<div class=\"elementor-element elementor-element-e746104 elementor-widget elementor-widget-heading\" data-id=\"e746104\" data-element_type=\"widget\" data-widget_type=\"heading.default\">\n\t\t\t\t<div class=\"elementor-widget-container\">\n\t\t\t<h3 class=\"elementor-heading-title elementor-size-default\">Hilmi Gashi<\/h3>\t\t<\/div>\n\t\t\t\t<\/div>\n\t\t\t\t<div class=\"elementor-element elementor-element-7a057c9 elementor-widget elementor-widget-heading\" data-id=\"7a057c9\" data-element_type=\"widget\" data-widget_type=\"heading.default\">\n\t\t\t\t<div class=\"elementor-widget-container\">\n\t\t\t<h6 class=\"elementor-heading-title elementor-size-default\">Speaker<\/h6>\t\t<\/div>\n\t\t\t\t<\/div>\n\t\t\t\t\t\t<\/div>\n\t\t\t\t\t<\/div>\n\t\t<\/div>\n\t\t\t\t<div class=\"elementor-column elementor-col-50 elementor-top-column elementor-element elementor-element-670fc06\" data-id=\"670fc06\" data-element_type=\"column\">\n\t\t\t<div class=\"elementor-column-wrap elementor-element-populated\">\n\t\t\t\t\t\t\t<div class=\"elementor-widget-wrap\">\n\t\t\t\t\t\t<div class=\"elementor-element elementor-element-2488c17 elementor-widget elementor-widget-text-editor\" data-id=\"2488c17\" data-element_type=\"widget\" data-widget_type=\"text-editor.default\">\n\t\t\t\t<div class=\"elementor-widget-container\">\n\t\t\t\t\t\t\t\t<div class=\"elementor-text-editor elementor-clearfix\">\n\t\t\t\t<p>Hilmi Gashi Switzerland<\/p><p>During the 90s political and economic crisis in Kosova, Mr. Gashi stopped his studies in the University of Prishtina, in the Faculty of Economics and migrated to Switzerland.  In 1992 he restarted his studies in the University of Freiburg, within the Economic Faculty, where he also completed his Master studies to become an \u201cManager of the non-profit organisations\u201d. His professional career in Switzerland is a typical one of a migrant. In the beginning he worked as a painter, and later he worked as a translator and official in a local radio. After he left radio RaBe, he started working for the Swiss Red Cross, and from 2005, Mr. Gashi has been a part of the UNIA syndicate. In the elections held on 25.10.2020 for the Municipal Assembly in Muri-G\u00fcmligen, Mr. Gashi has managed to win the mandate as an assembly member within the Green Party (GPS), which will be represented by a total of 5 assembly members in this municipality. Beside his professional achievements, Mr. Gashi is an active volunteer for Albanian Diaspora.<\/p>\t\t\t\t\t<\/div>\n\t\t\t\t\t\t<\/div>\n\t\t\t\t<\/div>\n\t\t\t\t\t\t<\/div>\n\t\t\t\t\t<\/div>\n\t\t<\/div>\n\t\t\t\t\t\t\t\t<\/div>\n\t\t\t\t\t<\/div>\n\t\t<\/section>\n\t\t\t\t\t\t\t\t\t<\/div>\n\t\t\t<\/div>\n\t\t\t\t\t<\/div>","protected":false},"excerpt":{"rendered":"<p>Hilmi Gashi Fol\u00ebs Hilmi Gashi Zvic\u00ebr Gjat\u00eb kriz\u00ebs politike dhe ekonomike t\u00eb viteve 90-t\u00eb, Z. Hilmi Gashi nd\u00ebrpreu studimet n\u00eb Universitetin e Prishtin\u00ebs duke migruar n\u00eb Zvic\u00ebr. N\u00eb vitin 1992 ai rifilloi studimet n\u00eb Fakultetin Ekonomik, Universiteti i Freiburg-ut, duke kompletuar studimet n\u00eb nivelin Master p\u00ebr tu b\u00ebr\u00eb \u201cMenagjer i organizatave jo-fitimprur\u00ebse\u201d. Karriera e tij &hellip;<\/p>\n<p class=\"read-more\"> <a class=\"\" href=\"https:\/\/diasporaflet.germin.org\/en\/hilmi-gashi\/\"> <span class=\"screen-reader-text\">Hilmi Gashi<\/span> Read More &raquo;<\/a><\/p>","protected":false},"author":1,"featured_media":0,"parent":0,"menu_order":0,"comment_status":"closed","ping_status":"closed","template":"","meta":{"site-sidebar-layout":"no-sidebar","site-content-layout":"page-builder","ast-global-header-display":"","ast-main-header-display":"","ast-hfb-above-header-display":"","ast-hfb-below-header-display":"","ast-hfb-mobile-header-display":"","site-post-title":"disabled","ast-breadcrumbs-content":"","ast-featured-img":"disabled","footer-sml-layout":"","theme-transparent-header-meta":"","adv-header-id-meta":"","stick-header-meta":"","header-above-stick-meta":"","header-main-stick-meta":"","header-below-stick-meta":""},"acf":[],"_links":{"self":[{"href":"https:\/\/diasporaflet.germin.org\/en\/wp-json\/wp\/v2\/pages\/5228"}],"collection":[{"href":"https:\/\/diasporaflet.germin.org\/en\/wp-json\/wp\/v2\/pages"}],"about":[{"href":"https:\/\/diasporaflet.germin.org\/en\/wp-json\/wp\/v2\/types\/page"}],"author":[{"embeddable":true,"href":"https:\/\/diasporaflet.germin.org\/en\/wp-json\/wp\/v2\/users\/1"}],"replies":[{"embeddable":true,"href":"https:\/\/diasporaflet.germin.org\/en\/wp-json\/wp\/v2\/comments?post=5228"}],"version-history":[{"count":10,"href":"https:\/\/diasporaflet.germin.org\/en\/wp-json\/wp\/v2\/pages\/5228\/revisions"}],"predecessor-version":[{"id":5305,"href":"https:\/\/diasporaflet.germin.org\/en\/wp-json\/wp\/v2\/pages\/5228\/revisions\/5305"}],"wp:attachment":[{"href":"https:\/\/diasporaflet.germin.org\/en\/wp-json\/wp\/v2\/media?parent=5228"}],"curies":[{"name":"wp","href":"https:\/\/api.w.org\/{rel}","templated":true}]}}