{"id":5226,"date":"2023-04-26T15:22:06","date_gmt":"2023-04-26T15:22:06","guid":{"rendered":"https:\/\/diasporaflet.germin.org\/?page_id=5226"},"modified":"2023-04-27T16:23:40","modified_gmt":"2023-04-27T16:23:40","slug":"anila-hyka-smograv","status":"publish","type":"page","link":"https:\/\/diasporaflet.germin.org\/en\/anila-hyka-smograv\/","title":{"rendered":"Anila Hyka Smograv"},"content":{"rendered":"<div data-elementor-type=\"wp-page\" data-elementor-id=\"5226\" class=\"elementor elementor-5226\">\n\t\t\t\t\t\t<div class=\"elementor-inner\">\n\t\t\t\t<div class=\"elementor-section-wrap\">\n\t\t\t\t\t\t\t\t\t<section class=\"elementor-section elementor-top-section elementor-element elementor-element-b9debfe elementor-section-full_width elementor-section-height-default elementor-section-height-default\" data-id=\"b9debfe\" data-element_type=\"section\">\n\t\t\t\t\t\t<div class=\"elementor-container elementor-column-gap-default\">\n\t\t\t\t\t\t\t<div class=\"elementor-row\">\n\t\t\t\t\t<div class=\"elementor-column elementor-col-50 elementor-top-column elementor-element elementor-element-8603fdc\" data-id=\"8603fdc\" data-element_type=\"column\">\n\t\t\t<div class=\"elementor-column-wrap elementor-element-populated\">\n\t\t\t\t\t\t\t<div class=\"elementor-widget-wrap\">\n\t\t\t\t\t\t<div class=\"elementor-element elementor-element-9e51db4 elementor-widget elementor-widget-image\" data-id=\"9e51db4\" data-element_type=\"widget\" data-widget_type=\"image.default\">\n\t\t\t\t<div class=\"elementor-widget-container\">\n\t\t\t\t\t\t\t\t<div class=\"elementor-image\">\n\t\t\t\t\t\t\t\t\t\t\t\t<img decoding=\"async\" width=\"1080\" height=\"1080\" src=\"https:\/\/diasporaflet.germin.org\/wp-content\/uploads\/2023\/04\/AnilaHyka.png\" class=\"attachment-full size-full wp-image-5290\" alt=\"\" loading=\"lazy\" srcset=\"https:\/\/diasporaflet.germin.org\/wp-content\/uploads\/2023\/04\/AnilaHyka.png 1080w, https:\/\/diasporaflet.germin.org\/wp-content\/uploads\/2023\/04\/AnilaHyka-300x300.png 300w, https:\/\/diasporaflet.germin.org\/wp-content\/uploads\/2023\/04\/AnilaHyka-1024x1024.png 1024w, https:\/\/diasporaflet.germin.org\/wp-content\/uploads\/2023\/04\/AnilaHyka-150x150.png 150w, https:\/\/diasporaflet.germin.org\/wp-content\/uploads\/2023\/04\/AnilaHyka-768x768.png 768w, https:\/\/diasporaflet.germin.org\/wp-content\/uploads\/2023\/04\/AnilaHyka-12x12.png 12w\" sizes=\"(max-width: 1080px) 100vw, 1080px\" \/>\t\t\t\t\t\t\t\t\t\t\t\t\t\t<\/div>\n\t\t\t\t\t\t<\/div>\n\t\t\t\t<\/div>\n\t\t\t\t<div class=\"elementor-element elementor-element-50ea8c9 elementor-widget elementor-widget-heading\" data-id=\"50ea8c9\" data-element_type=\"widget\" data-widget_type=\"heading.default\">\n\t\t\t\t<div class=\"elementor-widget-container\">\n\t\t\t<h3 class=\"elementor-heading-title elementor-size-default\">Anila Hyka Smograv<\/h3>\t\t<\/div>\n\t\t\t\t<\/div>\n\t\t\t\t<div class=\"elementor-element elementor-element-6eb3a74 elementor-widget elementor-widget-heading\" data-id=\"6eb3a74\" data-element_type=\"widget\" data-widget_type=\"heading.default\">\n\t\t\t\t<div class=\"elementor-widget-container\">\n\t\t\t<h6 class=\"elementor-heading-title elementor-size-default\">Speaker<\/h6>\t\t<\/div>\n\t\t\t\t<\/div>\n\t\t\t\t\t\t<\/div>\n\t\t\t\t\t<\/div>\n\t\t<\/div>\n\t\t\t\t<div class=\"elementor-column elementor-col-50 elementor-top-column elementor-element elementor-element-1713c85\" data-id=\"1713c85\" data-element_type=\"column\">\n\t\t\t<div class=\"elementor-column-wrap elementor-element-populated\">\n\t\t\t\t\t\t\t<div class=\"elementor-widget-wrap\">\n\t\t\t\t\t\t<div class=\"elementor-element elementor-element-4589707 elementor-widget elementor-widget-text-editor\" data-id=\"4589707\" data-element_type=\"widget\" data-widget_type=\"text-editor.default\">\n\t\t\t\t<div class=\"elementor-widget-container\">\n\t\t\t\t\t\t\t\t<div class=\"elementor-text-editor elementor-clearfix\">\n\t\t\t\t<p>Anila Hyka Sm\u00f8rgrav brings the international experience of over 25 years in different social and economic environments. She specializes in the telecom sector and IT, project management and contract negotiation, transaction management, digital transformation strategies of enterprises including the development of new products.<\/p><p>Anila has worked intensively for both the private and public sectors in Albania, Norway, the USA, France, and Switzerland. She currently holds the post of Engagement Director relating to complex projects at Orange Business Services (part of Orange Group) that manage over 170 French and international corporations with revenues of over 2 billion euros.Apart from the activities related to the professional aspect, Anila has been committed, for several years, to non-profit activities promoting education, culture, and integration of the Albanian diaspora as Coach\/support being part of the initiative of Orange \u201cSuper Coders\u201d \u2013 promoting programming in elementary schools with kids from 9-12 years old. She has given her contribution as a volunteer in the projects of Orange Foundation, in collaboration with associations in order to promote \u201cProfessional Life of engineering women\u201d in high schools or by helping students in the marginalized areas.<\/p><p>Awarded by Albanian government \u201cNation\u2019s Ambassador\u201d and in April 2019 she has been chosen member of the Coordinating Council of the Diaspora. Since 2018 she has been President of the French-Albanian association \u201cAlbania\u201d, whose main office is in Paris.<\/p>\t\t\t\t\t<\/div>\n\t\t\t\t\t\t<\/div>\n\t\t\t\t<\/div>\n\t\t\t\t\t\t<\/div>\n\t\t\t\t\t<\/div>\n\t\t<\/div>\n\t\t\t\t\t\t\t\t<\/div>\n\t\t\t\t\t<\/div>\n\t\t<\/section>\n\t\t\t\t\t\t\t\t\t<\/div>\n\t\t\t<\/div>\n\t\t\t\t\t<\/div>","protected":false},"excerpt":{"rendered":"<p>Anila Hyka Smograv Fol\u00ebs Anila Hyka Sm\u00f8rgrav sjell p\u00ebrvoj\u00ebn nd\u00ebrkomb\u00ebtare prej mbi 25 vjet\u00ebsh n\u00eb mjedise t\u00eb ndryshme shoq\u00ebrore dhe ekonomike. Ajo \u00ebsht\u00eb e specializuar n\u00eb sektorin e telekomit dhe IT, menaxhimin e projekteve dhe negocimin e kontratave, menaxhimin e transaksioneve, strategjit\u00eb e transformimit dixhital t\u00eb nd\u00ebrmarrjeve duke p\u00ebrfshir\u00eb zhvillimin e produkteve t\u00eb reja. Anila &hellip;<\/p>\n<p class=\"read-more\"> <a class=\"\" href=\"https:\/\/diasporaflet.germin.org\/en\/anila-hyka-smograv\/\"> <span class=\"screen-reader-text\">Anila Hyka Smograv<\/span> Read More &raquo;<\/a><\/p>","protected":false},"author":1,"featured_media":0,"parent":0,"menu_order":0,"comment_status":"closed","ping_status":"closed","template":"","meta":{"site-sidebar-layout":"no-sidebar","site-content-layout":"page-builder","ast-global-header-display":"","ast-main-header-display":"","ast-hfb-above-header-display":"","ast-hfb-below-header-display":"","ast-hfb-mobile-header-display":"","site-post-title":"disabled","ast-breadcrumbs-content":"","ast-featured-img":"disabled","footer-sml-layout":"","theme-transparent-header-meta":"","adv-header-id-meta":"","stick-header-meta":"","header-above-stick-meta":"","header-main-stick-meta":"","header-below-stick-meta":""},"acf":[],"_links":{"self":[{"href":"https:\/\/diasporaflet.germin.org\/en\/wp-json\/wp\/v2\/pages\/5226"}],"collection":[{"href":"https:\/\/diasporaflet.germin.org\/en\/wp-json\/wp\/v2\/pages"}],"about":[{"href":"https:\/\/diasporaflet.germin.org\/en\/wp-json\/wp\/v2\/types\/page"}],"author":[{"embeddable":true,"href":"https:\/\/diasporaflet.germin.org\/en\/wp-json\/wp\/v2\/users\/1"}],"replies":[{"embeddable":true,"href":"https:\/\/diasporaflet.germin.org\/en\/wp-json\/wp\/v2\/comments?post=5226"}],"version-history":[{"count":7,"href":"https:\/\/diasporaflet.germin.org\/en\/wp-json\/wp\/v2\/pages\/5226\/revisions"}],"predecessor-version":[{"id":5302,"href":"https:\/\/diasporaflet.germin.org\/en\/wp-json\/wp\/v2\/pages\/5226\/revisions\/5302"}],"wp:attachment":[{"href":"https:\/\/diasporaflet.germin.org\/en\/wp-json\/wp\/v2\/media?parent=5226"}],"curies":[{"name":"wp","href":"https:\/\/api.w.org\/{rel}","templated":true}]}}