{"id":5211,"date":"2023-04-26T15:16:58","date_gmt":"2023-04-26T15:16:58","guid":{"rendered":"https:\/\/diasporaflet.germin.org\/?page_id=5211"},"modified":"2023-04-27T16:23:20","modified_gmt":"2023-04-27T16:23:20","slug":"avni-mustafaj","status":"publish","type":"page","link":"https:\/\/diasporaflet.germin.org\/en\/avni-mustafaj\/","title":{"rendered":"Avni Mustafaj"},"content":{"rendered":"<div data-elementor-type=\"wp-page\" data-elementor-id=\"5211\" class=\"elementor elementor-5211\">\n\t\t\t\t\t\t<div class=\"elementor-inner\">\n\t\t\t\t<div class=\"elementor-section-wrap\">\n\t\t\t\t\t\t\t\t\t<section class=\"elementor-section elementor-top-section elementor-element elementor-element-0b3afe1 elementor-section-full_width elementor-section-height-default elementor-section-height-default\" data-id=\"0b3afe1\" data-element_type=\"section\">\n\t\t\t\t\t\t<div class=\"elementor-container elementor-column-gap-default\">\n\t\t\t\t\t\t\t<div class=\"elementor-row\">\n\t\t\t\t\t<div class=\"elementor-column elementor-col-50 elementor-top-column elementor-element elementor-element-8136c1c\" data-id=\"8136c1c\" data-element_type=\"column\">\n\t\t\t<div class=\"elementor-column-wrap elementor-element-populated\">\n\t\t\t\t\t\t\t<div class=\"elementor-widget-wrap\">\n\t\t\t\t\t\t<div class=\"elementor-element elementor-element-527579b elementor-widget elementor-widget-image\" data-id=\"527579b\" data-element_type=\"widget\" data-widget_type=\"image.default\">\n\t\t\t\t<div class=\"elementor-widget-container\">\n\t\t\t\t\t\t\t\t<div class=\"elementor-image\">\n\t\t\t\t\t\t\t\t\t\t\t\t<img decoding=\"async\" width=\"1080\" height=\"1080\" src=\"https:\/\/diasporaflet.germin.org\/wp-content\/uploads\/2023\/04\/AvniMustafaj.png\" class=\"attachment-full size-full wp-image-5293\" alt=\"\" loading=\"lazy\" srcset=\"https:\/\/diasporaflet.germin.org\/wp-content\/uploads\/2023\/04\/AvniMustafaj.png 1080w, https:\/\/diasporaflet.germin.org\/wp-content\/uploads\/2023\/04\/AvniMustafaj-300x300.png 300w, https:\/\/diasporaflet.germin.org\/wp-content\/uploads\/2023\/04\/AvniMustafaj-1024x1024.png 1024w, https:\/\/diasporaflet.germin.org\/wp-content\/uploads\/2023\/04\/AvniMustafaj-150x150.png 150w, https:\/\/diasporaflet.germin.org\/wp-content\/uploads\/2023\/04\/AvniMustafaj-768x768.png 768w, https:\/\/diasporaflet.germin.org\/wp-content\/uploads\/2023\/04\/AvniMustafaj-12x12.png 12w\" sizes=\"(max-width: 1080px) 100vw, 1080px\" \/>\t\t\t\t\t\t\t\t\t\t\t\t\t\t<\/div>\n\t\t\t\t\t\t<\/div>\n\t\t\t\t<\/div>\n\t\t\t\t<div class=\"elementor-element elementor-element-d174760 elementor-widget elementor-widget-heading\" data-id=\"d174760\" data-element_type=\"widget\" data-widget_type=\"heading.default\">\n\t\t\t\t<div class=\"elementor-widget-container\">\n\t\t\t<h3 class=\"elementor-heading-title elementor-size-default\">Avni Mustafaj<\/h3>\t\t<\/div>\n\t\t\t\t<\/div>\n\t\t\t\t<div class=\"elementor-element elementor-element-a9f0a45 elementor-widget elementor-widget-heading\" data-id=\"a9f0a45\" data-element_type=\"widget\" data-widget_type=\"heading.default\">\n\t\t\t\t<div class=\"elementor-widget-container\">\n\t\t\t<h6 class=\"elementor-heading-title elementor-size-default\">Fol\u00ebsi<\/h6>\t\t<\/div>\n\t\t\t\t<\/div>\n\t\t\t\t\t\t<\/div>\n\t\t\t\t\t<\/div>\n\t\t<\/div>\n\t\t\t\t<div class=\"elementor-column elementor-col-50 elementor-top-column elementor-element elementor-element-dfaab94\" data-id=\"dfaab94\" data-element_type=\"column\">\n\t\t\t<div class=\"elementor-column-wrap elementor-element-populated\">\n\t\t\t\t\t\t\t<div class=\"elementor-widget-wrap\">\n\t\t\t\t\t\t<div class=\"elementor-element elementor-element-5be9cc5 elementor-widget elementor-widget-text-editor\" data-id=\"5be9cc5\" data-element_type=\"widget\" data-widget_type=\"text-editor.default\">\n\t\t\t\t<div class=\"elementor-widget-container\">\n\t\t\t\t\t\t\t\t<div class=\"elementor-text-editor elementor-clearfix\">\n\t\t\t\tMr. Mustafaj was born and raised in New York, U.S.A and has had a lifelong dedication to the national cause of Albanians. The organisation where Mr. Mustafaj has given his contribution through different capacities and as a chairman as well, is \u201cNational Albanian American Council \u2013 NAAC\u201d (K\u00ebshilli Komb\u00ebtar Shqiptaro-Amerikan). NAAC has been one of the most vocal and influential organisations before and during the war in Kosovo. Mr. Mustafaj has led both the American delegation of the congressmen and Board members at the Summit of Rambouillet, France in 1999. Amongst other activities he has also met the former President of the United States of America, Mr. Bill Clinton at the White House in order to strategize on sensitizing the US public on Kosova.\n\t\t\t\t\t<\/div>\n\t\t\t\t\t\t<\/div>\n\t\t\t\t<\/div>\n\t\t\t\t\t\t<\/div>\n\t\t\t\t\t<\/div>\n\t\t<\/div>\n\t\t\t\t\t\t\t\t<\/div>\n\t\t\t\t\t<\/div>\n\t\t<\/section>\n\t\t\t\t\t\t\t\t\t<\/div>\n\t\t\t<\/div>\n\t\t\t\t\t<\/div>","protected":false},"excerpt":{"rendered":"<p>Avni Mustafaj Fol\u00ebsi Z. Mustafaj lindi dhe u rrit n\u00eb New York, SH.B.A. dhe gjat\u00eb gjith\u00eb jet\u00ebs ka pasur nj\u00eb dedikim p\u00ebr \u00e7\u00ebshtjen komb\u00ebtare t\u00eb shqiptar\u00ebve. Organizata ku Z. Mustafaj ka dh\u00ebn\u00eb kontributin e tij p\u00ebrmes kapaciteteve t\u00eb ndryshme dhe si kryetar gjithashtu \u00ebsht\u00eb &#8220;K\u00ebshilli Komb\u00ebtar Shqiptaro Amerikan &#8211; NAAC&#8221; (K\u00ebshilli Komb\u00ebtar Shqiptaro-Amerikan). NAAC ka &hellip;<\/p>\n<p class=\"read-more\"> <a class=\"\" href=\"https:\/\/diasporaflet.germin.org\/en\/avni-mustafaj\/\"> <span class=\"screen-reader-text\">Avni Mustafaj<\/span> Read More &raquo;<\/a><\/p>","protected":false},"author":1,"featured_media":0,"parent":0,"menu_order":0,"comment_status":"closed","ping_status":"closed","template":"","meta":{"site-sidebar-layout":"no-sidebar","site-content-layout":"page-builder","ast-global-header-display":"","ast-main-header-display":"","ast-hfb-above-header-display":"","ast-hfb-below-header-display":"","ast-hfb-mobile-header-display":"","site-post-title":"disabled","ast-breadcrumbs-content":"","ast-featured-img":"disabled","footer-sml-layout":"","theme-transparent-header-meta":"","adv-header-id-meta":"","stick-header-meta":"","header-above-stick-meta":"","header-main-stick-meta":"","header-below-stick-meta":""},"acf":[],"_links":{"self":[{"href":"https:\/\/diasporaflet.germin.org\/en\/wp-json\/wp\/v2\/pages\/5211"}],"collection":[{"href":"https:\/\/diasporaflet.germin.org\/en\/wp-json\/wp\/v2\/pages"}],"about":[{"href":"https:\/\/diasporaflet.germin.org\/en\/wp-json\/wp\/v2\/types\/page"}],"author":[{"embeddable":true,"href":"https:\/\/diasporaflet.germin.org\/en\/wp-json\/wp\/v2\/users\/1"}],"replies":[{"embeddable":true,"href":"https:\/\/diasporaflet.germin.org\/en\/wp-json\/wp\/v2\/comments?post=5211"}],"version-history":[{"count":7,"href":"https:\/\/diasporaflet.germin.org\/en\/wp-json\/wp\/v2\/pages\/5211\/revisions"}],"predecessor-version":[{"id":5299,"href":"https:\/\/diasporaflet.germin.org\/en\/wp-json\/wp\/v2\/pages\/5211\/revisions\/5299"}],"wp:attachment":[{"href":"https:\/\/diasporaflet.germin.org\/en\/wp-json\/wp\/v2\/media?parent=5211"}],"curies":[{"name":"wp","href":"https:\/\/api.w.org\/{rel}","templated":true}]}}