{"id":5230,"date":"2023-04-26T15:22:36","date_gmt":"2023-04-26T15:22:36","guid":{"rendered":"https:\/\/diasporaflet.germin.org\/?page_id=5230"},"modified":"2023-04-27T16:24:00","modified_gmt":"2023-04-27T16:24:00","slug":"mike-bailey","status":"publish","type":"page","link":"https:\/\/diasporaflet.germin.org\/de\/mike-bailey\/","title":{"rendered":"Mike Bailey"},"content":{"rendered":"<div data-elementor-type=\"wp-page\" data-elementor-id=\"5230\" class=\"elementor elementor-5230\">\n\t\t\t\t\t\t<div class=\"elementor-inner\">\n\t\t\t\t<div class=\"elementor-section-wrap\">\n\t\t\t\t\t\t\t\t\t<section class=\"elementor-section elementor-top-section elementor-element elementor-element-863fd2a elementor-section-full_width elementor-section-height-default elementor-section-height-default\" data-id=\"863fd2a\" data-element_type=\"section\">\n\t\t\t\t\t\t<div class=\"elementor-container elementor-column-gap-default\">\n\t\t\t\t\t\t\t<div class=\"elementor-row\">\n\t\t\t\t\t<div class=\"elementor-column elementor-col-50 elementor-top-column elementor-element elementor-element-3db7483\" data-id=\"3db7483\" data-element_type=\"column\">\n\t\t\t<div class=\"elementor-column-wrap elementor-element-populated\">\n\t\t\t\t\t\t\t<div class=\"elementor-widget-wrap\">\n\t\t\t\t\t\t<div class=\"elementor-element elementor-element-6271155 elementor-widget elementor-widget-image\" data-id=\"6271155\" data-element_type=\"widget\" data-widget_type=\"image.default\">\n\t\t\t\t<div class=\"elementor-widget-container\">\n\t\t\t\t\t\t\t\t<div class=\"elementor-image\">\n\t\t\t\t\t\t\t\t\t\t\t\t<img decoding=\"async\" width=\"1080\" height=\"1080\" src=\"https:\/\/diasporaflet.germin.org\/wp-content\/uploads\/2023\/04\/MikeBailey.png\" class=\"attachment-full size-full wp-image-5291\" alt=\"\" loading=\"lazy\" srcset=\"https:\/\/diasporaflet.germin.org\/wp-content\/uploads\/2023\/04\/MikeBailey.png 1080w, https:\/\/diasporaflet.germin.org\/wp-content\/uploads\/2023\/04\/MikeBailey-300x300.png 300w, https:\/\/diasporaflet.germin.org\/wp-content\/uploads\/2023\/04\/MikeBailey-1024x1024.png 1024w, https:\/\/diasporaflet.germin.org\/wp-content\/uploads\/2023\/04\/MikeBailey-150x150.png 150w, https:\/\/diasporaflet.germin.org\/wp-content\/uploads\/2023\/04\/MikeBailey-768x768.png 768w, https:\/\/diasporaflet.germin.org\/wp-content\/uploads\/2023\/04\/MikeBailey-12x12.png 12w\" sizes=\"(max-width: 1080px) 100vw, 1080px\" \/>\t\t\t\t\t\t\t\t\t\t\t\t\t\t<\/div>\n\t\t\t\t\t\t<\/div>\n\t\t\t\t<\/div>\n\t\t\t\t<div class=\"elementor-element elementor-element-a781188 elementor-widget elementor-widget-heading\" data-id=\"a781188\" data-element_type=\"widget\" data-widget_type=\"heading.default\">\n\t\t\t\t<div class=\"elementor-widget-container\">\n\t\t\t<h3 class=\"elementor-heading-title elementor-size-default\">Mike Bailey <\/h3>\t\t<\/div>\n\t\t\t\t<\/div>\n\t\t\t\t<div class=\"elementor-element elementor-element-852771e elementor-widget elementor-widget-heading\" data-id=\"852771e\" data-element_type=\"widget\" data-widget_type=\"heading.default\">\n\t\t\t\t<div class=\"elementor-widget-container\">\n\t\t\t<h6 class=\"elementor-heading-title elementor-size-default\">Hauptredner<\/h6>\t\t<\/div>\n\t\t\t\t<\/div>\n\t\t\t\t\t\t<\/div>\n\t\t\t\t\t<\/div>\n\t\t<\/div>\n\t\t\t\t<div class=\"elementor-column elementor-col-50 elementor-top-column elementor-element elementor-element-a4d8eaa\" data-id=\"a4d8eaa\" data-element_type=\"column\">\n\t\t\t<div class=\"elementor-column-wrap elementor-element-populated\">\n\t\t\t\t\t\t\t<div class=\"elementor-widget-wrap\">\n\t\t\t\t\t\t<div class=\"elementor-element elementor-element-f96f425 elementor-widget elementor-widget-text-editor\" data-id=\"f96f425\" data-element_type=\"widget\" data-widget_type=\"text-editor.default\">\n\t\t\t\t<div class=\"elementor-widget-container\">\n\t\t\t\t\t\t\t\t<div class=\"elementor-text-editor elementor-clearfix\">\n\t\t\t\t<p>Ai filloi karrier\u00ebn e tij p\u00ebr mbledhjen e fondeve n\u00eb Sidnei, Australi si Drejtor i nj\u00eb fushate lokale, ku kompletoi tre plane pune vjetore t\u00eb plota p\u00ebr mbledhjen e fondeve, zhvilloi qindra takime t\u00eb k\u00ebrkimit ball\u00eb p\u00ebr ball\u00eb dhe prodhoi dhjet\u00ebra ngjarje p\u00ebr mbledhjen e fondeve.<\/p><p>Pas k\u00ebsaj, si Drejtor Rajonal Nd\u00ebrkomb\u00ebtar, ai ishte p\u00ebrgjegj\u00ebs p\u00ebr fushatat e mbledhjes s\u00eb fondeve n\u00eb Kanada, Australi, Mbret\u00ebrin\u00eb e Bashkuar dhe Afrik\u00ebn e Jugut me ekipet profesionale n\u00eb k\u00ebto vende, duke gjeneruar mbi 46 milion dollar\u00eb amerikan\u00eb n\u00eb vit.<\/p><p>P\u00ebr 12 vitet e fundit, ai ka mbajtur pozicionin e Drejtorit t\u00eb Zhvillimit, n\u00eb t\u00eb cilin menaxhoi disa departamente t\u00eb zhvillimit dhe sh\u00ebrbimit, udh\u00ebhoqi iniciativat strategjike p\u00ebr mbledhjen e fondeve, krijoi nj\u00eb strategji t\u00eb re p\u00ebr sigurimin e vullneteve dhe ndihmave, dhe mbik\u00ebqyr zhvillimin dhe ekzekutimin e qindra produkte t\u00eb reja filantropike, duke p\u00ebrfshir\u00eb mbi 100 projekte t\u00eb nd\u00ebrtimit kapital dhe krijimin e nj\u00eb Fondi t\u00eb Investimit t\u00eb Ndikimit.<\/p><p>Si pjes\u00eb e p\u00ebrgjegj\u00ebsis\u00eb s\u00eb tij p\u00ebr marketing, Mike zhvilloi dhe zbatoi nj\u00eb strategji t\u00eb re t\u00eb mark\u00ebs, krijoi nj\u00eb strategji t\u00eb re p\u00ebr marketing dixhital, dhe mbik\u00ebqyri prodhimin e qindra videove t\u00eb marketingut dhe materialeve t\u00eb tjer\u00eb. Ai gjithashtu shpiku dhe prodhoi p\u00ebr 15 vjet konferencat prestigjioze ILR (International Leadership Reunion) p\u00ebr filantrop\u00ebt m\u00eb bujar\u00eb t\u00eb bot\u00ebs hebraike.<\/p><p>Mike ka p\u00ebrvoj\u00eb t\u00eb gjer\u00eb n\u00eb m\u00ebsimdh\u00ebnie dhe trajnim p\u00ebr mbledhjen e fondeve udh\u00ebheqjen laike dhe profesionist\u00eb. Ai themeloi dhe drejtoi nj\u00eb Konferenc\u00eb nd\u00ebrkomb\u00ebtare p\u00ebr udh\u00ebheq\u00ebsit laik\u00eb, ai zhvilloi seminare praktike p\u00ebr mbledhjen e fondeve n\u00eb shum\u00eb vende dhe ndihmoi organizatat lokale t\u00eb mbledhjes s\u00eb fondeve t\u00eb zhvillojn\u00eb strategjit\u00eb e tyre. Gjat\u00eb viteve Mike trajnoi mbi 400 profesionist\u00eb t\u00eb mbledhjes s\u00eb fondeve n\u00eb nj\u00eb nga kurset m\u00eb t\u00eb mira praktike t\u00eb mbledhjes s\u00eb fondeve n\u00eb bot\u00eb.<\/p><p>Sot ai \u00ebsht\u00eb nj\u00eb k\u00ebshilltar senior n\u00eb ndikimin e investimeve dhe nj\u00eb mentor p\u00ebr organizatat q\u00eb mbledhin fonde. Mike ka nj\u00eb diplom\u00eb juridik n\u00eb Universitetin Hebraik n\u00eb Jeruzalem dhe ka punuar si avokat n\u00eb sektorin e biznesit. Ai mban Master (me Nderime) n\u00eb zhvillimin organizativ, i specializuar n\u00eb organizatat e Sektorit t\u00eb Tret\u00eb (jofitimprur\u00ebse).<\/p>\t\t\t\t\t<\/div>\n\t\t\t\t\t\t<\/div>\n\t\t\t\t<\/div>\n\t\t\t\t\t\t<\/div>\n\t\t\t\t\t<\/div>\n\t\t<\/div>\n\t\t\t\t\t\t\t\t<\/div>\n\t\t\t\t\t<\/div>\n\t\t<\/section>\n\t\t\t\t\t\t\t\t\t<\/div>\n\t\t\t<\/div>\n\t\t\t\t\t<\/div>","protected":false},"excerpt":{"rendered":"<p>Mike Bailey Fol\u00ebsi kryesor Ai filloi karrier\u00ebn e tij p\u00ebr mbledhjen e fondeve n\u00eb Sidnei, Australi si Drejtor i nj\u00eb fushate lokale, ku kompletoi tre plane pune vjetore t\u00eb plota p\u00ebr mbledhjen e fondeve, zhvilloi qindra takime t\u00eb k\u00ebrkimit ball\u00eb p\u00ebr ball\u00eb dhe prodhoi dhjet\u00ebra ngjarje p\u00ebr mbledhjen e fondeve. Pas k\u00ebsaj, si Drejtor Rajonal &hellip;<\/p>\n<p class=\"read-more\"> <a class=\"\" href=\"https:\/\/diasporaflet.germin.org\/de\/mike-bailey\/\"> <span class=\"screen-reader-text\">Mike Bailey<\/span> Weiterlesen &raquo;<\/a><\/p>","protected":false},"author":1,"featured_media":0,"parent":0,"menu_order":0,"comment_status":"closed","ping_status":"closed","template":"","meta":{"site-sidebar-layout":"no-sidebar","site-content-layout":"page-builder","ast-global-header-display":"","ast-main-header-display":"","ast-hfb-above-header-display":"","ast-hfb-below-header-display":"","ast-hfb-mobile-header-display":"","site-post-title":"disabled","ast-breadcrumbs-content":"","ast-featured-img":"disabled","footer-sml-layout":"","theme-transparent-header-meta":"","adv-header-id-meta":"","stick-header-meta":"","header-above-stick-meta":"","header-main-stick-meta":"","header-below-stick-meta":""},"acf":[],"_links":{"self":[{"href":"https:\/\/diasporaflet.germin.org\/de\/wp-json\/wp\/v2\/pages\/5230"}],"collection":[{"href":"https:\/\/diasporaflet.germin.org\/de\/wp-json\/wp\/v2\/pages"}],"about":[{"href":"https:\/\/diasporaflet.germin.org\/de\/wp-json\/wp\/v2\/types\/page"}],"author":[{"embeddable":true,"href":"https:\/\/diasporaflet.germin.org\/de\/wp-json\/wp\/v2\/users\/1"}],"replies":[{"embeddable":true,"href":"https:\/\/diasporaflet.germin.org\/de\/wp-json\/wp\/v2\/comments?post=5230"}],"version-history":[{"count":25,"href":"https:\/\/diasporaflet.germin.org\/de\/wp-json\/wp\/v2\/pages\/5230\/revisions"}],"predecessor-version":[{"id":5308,"href":"https:\/\/diasporaflet.germin.org\/de\/wp-json\/wp\/v2\/pages\/5230\/revisions\/5308"}],"wp:attachment":[{"href":"https:\/\/diasporaflet.germin.org\/de\/wp-json\/wp\/v2\/media?parent=5230"}],"curies":[{"name":"wp","href":"https:\/\/api.w.org\/{rel}","templated":true}]}}