{"id":5228,"date":"2023-04-26T15:22:22","date_gmt":"2023-04-26T15:22:22","guid":{"rendered":"https:\/\/diasporaflet.germin.org\/?page_id=5228"},"modified":"2023-04-27T16:23:51","modified_gmt":"2023-04-27T16:23:51","slug":"hilmi-gashi","status":"publish","type":"page","link":"https:\/\/diasporaflet.germin.org\/de\/hilmi-gashi\/","title":{"rendered":"Hilmi Gashi"},"content":{"rendered":"<div data-elementor-type=\"wp-page\" data-elementor-id=\"5228\" class=\"elementor elementor-5228\">\n\t\t\t\t\t\t<div class=\"elementor-inner\">\n\t\t\t\t<div class=\"elementor-section-wrap\">\n\t\t\t\t\t\t\t\t\t<section class=\"elementor-section elementor-top-section elementor-element elementor-element-4b90645 elementor-section-full_width elementor-section-height-default elementor-section-height-default\" data-id=\"4b90645\" data-element_type=\"section\">\n\t\t\t\t\t\t<div class=\"elementor-container elementor-column-gap-default\">\n\t\t\t\t\t\t\t<div class=\"elementor-row\">\n\t\t\t\t\t<div class=\"elementor-column elementor-col-50 elementor-top-column elementor-element elementor-element-13e9c77\" data-id=\"13e9c77\" data-element_type=\"column\">\n\t\t\t<div class=\"elementor-column-wrap elementor-element-populated\">\n\t\t\t\t\t\t\t<div class=\"elementor-widget-wrap\">\n\t\t\t\t\t\t<div class=\"elementor-element elementor-element-d3f8a0a elementor-widget elementor-widget-image\" data-id=\"d3f8a0a\" data-element_type=\"widget\" data-widget_type=\"image.default\">\n\t\t\t\t<div class=\"elementor-widget-container\">\n\t\t\t\t\t\t\t\t<div class=\"elementor-image\">\n\t\t\t\t\t\t\t\t\t\t\t\t<img decoding=\"async\" width=\"1080\" height=\"1080\" src=\"https:\/\/diasporaflet.germin.org\/wp-content\/uploads\/2023\/04\/HilmiGashi.png\" class=\"attachment-full size-full wp-image-5292\" alt=\"\" loading=\"lazy\" srcset=\"https:\/\/diasporaflet.germin.org\/wp-content\/uploads\/2023\/04\/HilmiGashi.png 1080w, https:\/\/diasporaflet.germin.org\/wp-content\/uploads\/2023\/04\/HilmiGashi-300x300.png 300w, https:\/\/diasporaflet.germin.org\/wp-content\/uploads\/2023\/04\/HilmiGashi-1024x1024.png 1024w, https:\/\/diasporaflet.germin.org\/wp-content\/uploads\/2023\/04\/HilmiGashi-150x150.png 150w, https:\/\/diasporaflet.germin.org\/wp-content\/uploads\/2023\/04\/HilmiGashi-768x768.png 768w, https:\/\/diasporaflet.germin.org\/wp-content\/uploads\/2023\/04\/HilmiGashi-12x12.png 12w\" sizes=\"(max-width: 1080px) 100vw, 1080px\" \/>\t\t\t\t\t\t\t\t\t\t\t\t\t\t<\/div>\n\t\t\t\t\t\t<\/div>\n\t\t\t\t<\/div>\n\t\t\t\t<div class=\"elementor-element elementor-element-e746104 elementor-widget elementor-widget-heading\" data-id=\"e746104\" data-element_type=\"widget\" data-widget_type=\"heading.default\">\n\t\t\t\t<div class=\"elementor-widget-container\">\n\t\t\t<h3 class=\"elementor-heading-title elementor-size-default\">Hilmi Gashi<\/h3>\t\t<\/div>\n\t\t\t\t<\/div>\n\t\t\t\t<div class=\"elementor-element elementor-element-7a057c9 elementor-widget elementor-widget-heading\" data-id=\"7a057c9\" data-element_type=\"widget\" data-widget_type=\"heading.default\">\n\t\t\t\t<div class=\"elementor-widget-container\">\n\t\t\t<h6 class=\"elementor-heading-title elementor-size-default\">Fol\u00ebs<\/h6>\t\t<\/div>\n\t\t\t\t<\/div>\n\t\t\t\t\t\t<\/div>\n\t\t\t\t\t<\/div>\n\t\t<\/div>\n\t\t\t\t<div class=\"elementor-column elementor-col-50 elementor-top-column elementor-element elementor-element-670fc06\" data-id=\"670fc06\" data-element_type=\"column\">\n\t\t\t<div class=\"elementor-column-wrap elementor-element-populated\">\n\t\t\t\t\t\t\t<div class=\"elementor-widget-wrap\">\n\t\t\t\t\t\t<div class=\"elementor-element elementor-element-2488c17 elementor-widget elementor-widget-text-editor\" data-id=\"2488c17\" data-element_type=\"widget\" data-widget_type=\"text-editor.default\">\n\t\t\t\t<div class=\"elementor-widget-container\">\n\t\t\t\t\t\t\t\t<div class=\"elementor-text-editor elementor-clearfix\">\n\t\t\t\t<p>Hilmi Gashi Zvic\u00ebr<\/p><p>Gjat\u00eb kriz\u00ebs politike dhe ekonomike t\u00eb viteve 90-t\u00eb, Z. Hilmi Gashi nd\u00ebrpreu studimet n\u00eb Universitetin e Prishtin\u00ebs duke migruar n\u00eb Zvic\u00ebr. N\u00eb vitin 1992 ai rifilloi studimet n\u00eb Fakultetin Ekonomik, Universiteti i Freiburg-ut, duke kompletuar studimet n\u00eb nivelin Master p\u00ebr tu b\u00ebr\u00eb \u201cMenagjer i organizatave jo-fitimprur\u00ebse\u201d. Karriera e tij profesionale \u00ebsht\u00eb tipike e nj\u00eb emigranti. Fillimisht kishte punuar si piktor\u00eb, dhe m\u00eb pas si p\u00ebrkthyes dhe zyrtar\u00eb n\u00eb nj\u00eb radio lokale. Pasi u largua nga radio RaBe, ai filloi pun\u00ebn p\u00ebr Kryqin e Kuq t\u00eb Zvicr\u00ebs, dhe nga viti 2005 z. Gashi ka qen\u00eb pjes\u00eb e sindikat\u00ebs UNIA. N\u00eb zgjedhjet e mbajtura m\u00eb dat\u00eb 25.10.2020 p\u00ebr Asamblen\u00eb e Komun\u00ebs n\u00eb Muri-G\u00fcmligen, z. Gashi ka arritur ta fitoj\u00eb mandatin si asambleist n\u00eb kuad\u00ebr t\u00eb Partis\u00eb s\u00eb Gjelb\u00ebr (GPS), e cila do t\u00eb p\u00ebrfaq\u00ebsohet nga gjithsej 5 asambleist\u00eb n\u00eb k\u00ebt\u00eb komun\u00eb. P\u00ebrtej karrier\u00ebs profesionale Z. Gashi \u00ebsht\u00eb nj\u00eb vullnetar\u00eb aktiv i diaspor\u00ebs shqiptare.<\/p>\t\t\t\t\t<\/div>\n\t\t\t\t\t\t<\/div>\n\t\t\t\t<\/div>\n\t\t\t\t\t\t<\/div>\n\t\t\t\t\t<\/div>\n\t\t<\/div>\n\t\t\t\t\t\t\t\t<\/div>\n\t\t\t\t\t<\/div>\n\t\t<\/section>\n\t\t\t\t\t\t\t\t\t<\/div>\n\t\t\t<\/div>\n\t\t\t\t\t<\/div>","protected":false},"excerpt":{"rendered":"<p>Hilmi Gashi Fol\u00ebs Hilmi Gashi Zvic\u00ebr Gjat\u00eb kriz\u00ebs politike dhe ekonomike t\u00eb viteve 90-t\u00eb, Z. Hilmi Gashi nd\u00ebrpreu studimet n\u00eb Universitetin e Prishtin\u00ebs duke migruar n\u00eb Zvic\u00ebr. N\u00eb vitin 1992 ai rifilloi studimet n\u00eb Fakultetin Ekonomik, Universiteti i Freiburg-ut, duke kompletuar studimet n\u00eb nivelin Master p\u00ebr tu b\u00ebr\u00eb \u201cMenagjer i organizatave jo-fitimprur\u00ebse\u201d. Karriera e tij &hellip;<\/p>\n<p class=\"read-more\"> <a class=\"\" href=\"https:\/\/diasporaflet.germin.org\/de\/hilmi-gashi\/\"> <span class=\"screen-reader-text\">Hilmi Gashi<\/span> Weiterlesen &raquo;<\/a><\/p>","protected":false},"author":1,"featured_media":0,"parent":0,"menu_order":0,"comment_status":"closed","ping_status":"closed","template":"","meta":{"site-sidebar-layout":"no-sidebar","site-content-layout":"page-builder","ast-global-header-display":"","ast-main-header-display":"","ast-hfb-above-header-display":"","ast-hfb-below-header-display":"","ast-hfb-mobile-header-display":"","site-post-title":"disabled","ast-breadcrumbs-content":"","ast-featured-img":"disabled","footer-sml-layout":"","theme-transparent-header-meta":"","adv-header-id-meta":"","stick-header-meta":"","header-above-stick-meta":"","header-main-stick-meta":"","header-below-stick-meta":""},"acf":[],"_links":{"self":[{"href":"https:\/\/diasporaflet.germin.org\/de\/wp-json\/wp\/v2\/pages\/5228"}],"collection":[{"href":"https:\/\/diasporaflet.germin.org\/de\/wp-json\/wp\/v2\/pages"}],"about":[{"href":"https:\/\/diasporaflet.germin.org\/de\/wp-json\/wp\/v2\/types\/page"}],"author":[{"embeddable":true,"href":"https:\/\/diasporaflet.germin.org\/de\/wp-json\/wp\/v2\/users\/1"}],"replies":[{"embeddable":true,"href":"https:\/\/diasporaflet.germin.org\/de\/wp-json\/wp\/v2\/comments?post=5228"}],"version-history":[{"count":10,"href":"https:\/\/diasporaflet.germin.org\/de\/wp-json\/wp\/v2\/pages\/5228\/revisions"}],"predecessor-version":[{"id":5305,"href":"https:\/\/diasporaflet.germin.org\/de\/wp-json\/wp\/v2\/pages\/5228\/revisions\/5305"}],"wp:attachment":[{"href":"https:\/\/diasporaflet.germin.org\/de\/wp-json\/wp\/v2\/media?parent=5228"}],"curies":[{"name":"wp","href":"https:\/\/api.w.org\/{rel}","templated":true}]}}