{"id":5226,"date":"2023-04-26T15:22:06","date_gmt":"2023-04-26T15:22:06","guid":{"rendered":"https:\/\/diasporaflet.germin.org\/?page_id=5226"},"modified":"2023-04-27T16:23:40","modified_gmt":"2023-04-27T16:23:40","slug":"anila-hyka-smograv","status":"publish","type":"page","link":"https:\/\/diasporaflet.germin.org\/de\/anila-hyka-smograv\/","title":{"rendered":"Anila Hyka Smograv"},"content":{"rendered":"<div data-elementor-type=\"wp-page\" data-elementor-id=\"5226\" class=\"elementor elementor-5226\">\n\t\t\t\t\t\t<div class=\"elementor-inner\">\n\t\t\t\t<div class=\"elementor-section-wrap\">\n\t\t\t\t\t\t\t\t\t<section class=\"elementor-section elementor-top-section elementor-element elementor-element-b9debfe elementor-section-full_width elementor-section-height-default elementor-section-height-default\" data-id=\"b9debfe\" data-element_type=\"section\">\n\t\t\t\t\t\t<div class=\"elementor-container elementor-column-gap-default\">\n\t\t\t\t\t\t\t<div class=\"elementor-row\">\n\t\t\t\t\t<div class=\"elementor-column elementor-col-50 elementor-top-column elementor-element elementor-element-8603fdc\" data-id=\"8603fdc\" data-element_type=\"column\">\n\t\t\t<div class=\"elementor-column-wrap elementor-element-populated\">\n\t\t\t\t\t\t\t<div class=\"elementor-widget-wrap\">\n\t\t\t\t\t\t<div class=\"elementor-element elementor-element-9e51db4 elementor-widget elementor-widget-image\" data-id=\"9e51db4\" data-element_type=\"widget\" data-widget_type=\"image.default\">\n\t\t\t\t<div class=\"elementor-widget-container\">\n\t\t\t\t\t\t\t\t<div class=\"elementor-image\">\n\t\t\t\t\t\t\t\t\t\t\t\t<img decoding=\"async\" width=\"1080\" height=\"1080\" src=\"https:\/\/diasporaflet.germin.org\/wp-content\/uploads\/2023\/04\/AnilaHyka.png\" class=\"attachment-full size-full wp-image-5290\" alt=\"\" loading=\"lazy\" srcset=\"https:\/\/diasporaflet.germin.org\/wp-content\/uploads\/2023\/04\/AnilaHyka.png 1080w, https:\/\/diasporaflet.germin.org\/wp-content\/uploads\/2023\/04\/AnilaHyka-300x300.png 300w, https:\/\/diasporaflet.germin.org\/wp-content\/uploads\/2023\/04\/AnilaHyka-1024x1024.png 1024w, https:\/\/diasporaflet.germin.org\/wp-content\/uploads\/2023\/04\/AnilaHyka-150x150.png 150w, https:\/\/diasporaflet.germin.org\/wp-content\/uploads\/2023\/04\/AnilaHyka-768x768.png 768w, https:\/\/diasporaflet.germin.org\/wp-content\/uploads\/2023\/04\/AnilaHyka-12x12.png 12w\" sizes=\"(max-width: 1080px) 100vw, 1080px\" \/>\t\t\t\t\t\t\t\t\t\t\t\t\t\t<\/div>\n\t\t\t\t\t\t<\/div>\n\t\t\t\t<\/div>\n\t\t\t\t<div class=\"elementor-element elementor-element-50ea8c9 elementor-widget elementor-widget-heading\" data-id=\"50ea8c9\" data-element_type=\"widget\" data-widget_type=\"heading.default\">\n\t\t\t\t<div class=\"elementor-widget-container\">\n\t\t\t<h3 class=\"elementor-heading-title elementor-size-default\">Anila Hyka Smograv<\/h3>\t\t<\/div>\n\t\t\t\t<\/div>\n\t\t\t\t<div class=\"elementor-element elementor-element-6eb3a74 elementor-widget elementor-widget-heading\" data-id=\"6eb3a74\" data-element_type=\"widget\" data-widget_type=\"heading.default\">\n\t\t\t\t<div class=\"elementor-widget-container\">\n\t\t\t<h6 class=\"elementor-heading-title elementor-size-default\">Fol\u00ebs<\/h6>\t\t<\/div>\n\t\t\t\t<\/div>\n\t\t\t\t\t\t<\/div>\n\t\t\t\t\t<\/div>\n\t\t<\/div>\n\t\t\t\t<div class=\"elementor-column elementor-col-50 elementor-top-column elementor-element elementor-element-1713c85\" data-id=\"1713c85\" data-element_type=\"column\">\n\t\t\t<div class=\"elementor-column-wrap elementor-element-populated\">\n\t\t\t\t\t\t\t<div class=\"elementor-widget-wrap\">\n\t\t\t\t\t\t<div class=\"elementor-element elementor-element-4589707 elementor-widget elementor-widget-text-editor\" data-id=\"4589707\" data-element_type=\"widget\" data-widget_type=\"text-editor.default\">\n\t\t\t\t<div class=\"elementor-widget-container\">\n\t\t\t\t\t\t\t\t<div class=\"elementor-text-editor elementor-clearfix\">\n\t\t\t\t<p>Anila Hyka Sm\u00f8rgrav sjell p\u00ebrvoj\u00ebn nd\u00ebrkomb\u00ebtare prej mbi 25 vjet\u00ebsh n\u00eb mjedise t\u00eb ndryshme shoq\u00ebrore dhe ekonomike. Ajo \u00ebsht\u00eb e specializuar n\u00eb sektorin e telekomit dhe IT, menaxhimin e projekteve dhe negocimin e kontratave, menaxhimin e transaksioneve, strategjit\u00eb e transformimit dixhital t\u00eb nd\u00ebrmarrjeve duke p\u00ebrfshir\u00eb zhvillimin e produkteve t\u00eb reja.<\/p><p>Anila ka punuar intensivisht si p\u00ebr sektorin privat dhe at\u00eb publik n\u00eb Shqip\u00ebri, Norvegji, SHBA, Franc\u00eb dhe Zvic\u00ebr. Ajo aktualisht mban postin e Drejtoresh\u00ebs t\u00eb Angazhimit q\u00eb ka t\u00eb b\u00ebj\u00eb me projekte komplekse n\u00eb Orange Business Services (pjes\u00eb e Orange Group) q\u00eb administrojn\u00eb mbi 170 korporata Franceze dhe nd\u00ebrkomb\u00ebtare me t\u00eb ardhura mbi 2 miliard\u00eb euro. P\u00ebrve\u00e7 aktiviteteve q\u00eb lidhen me aspektin profesional, Anila \u00ebsht\u00eb angazhuar p\u00ebr disa vite n\u00eb aktivitete jofitimprur\u00ebse q\u00eb promovojn\u00eb arsimin, kultur\u00ebn dhe integrimin e diaspor\u00ebs shqiptare si Trainer\/mb\u00ebshtetje duke qen\u00eb pjes\u00eb e iniciativ\u00ebs s\u00eb Orange &#8220;Super Coders&#8221; &#8211; promovimi i programimit n\u00eb shkollat fillore me f\u00ebmij\u00eb nga 9-12 vje\u00e7. Ajo ka dh\u00ebn\u00eb kontributin e saj si vullnetare n\u00eb projektet e Orange Foundation, n\u00eb bashk\u00ebpunim me shoqatat me q\u00ebllim promovimin e &#8220;Jet\u00ebs Profesionale t\u00eb grave inxhiniere&#8221; n\u00eb shkollat e mesme ose duke ndihmuar student\u00ebt n\u00eb zonat e margjinalizuara.<\/p><p>Asaj i \u00ebsht\u00eb dhuruar \u00e7mimi &#8220;Ambasadori i Kombit&#8221; nga qeveria shqiptare dhe n\u00eb prill 2019 ajo \u00ebsht\u00eb zgjedhur an\u00ebtare e K\u00ebshillit Koordinues t\u00eb Diaspor\u00ebs. Q\u00eb nga viti 2018 ajo \u00ebsht\u00eb Presidente e shoqat\u00ebs Franceze-Shqiptare &#8220;Albania&#8221;, zyra kryesore e s\u00eb cil\u00ebs \u00ebsht\u00eb n\u00eb Paris.<\/p>\t\t\t\t\t<\/div>\n\t\t\t\t\t\t<\/div>\n\t\t\t\t<\/div>\n\t\t\t\t\t\t<\/div>\n\t\t\t\t\t<\/div>\n\t\t<\/div>\n\t\t\t\t\t\t\t\t<\/div>\n\t\t\t\t\t<\/div>\n\t\t<\/section>\n\t\t\t\t\t\t\t\t\t<\/div>\n\t\t\t<\/div>\n\t\t\t\t\t<\/div>","protected":false},"excerpt":{"rendered":"<p>Anila Hyka Smograv Fol\u00ebs Anila Hyka Sm\u00f8rgrav sjell p\u00ebrvoj\u00ebn nd\u00ebrkomb\u00ebtare prej mbi 25 vjet\u00ebsh n\u00eb mjedise t\u00eb ndryshme shoq\u00ebrore dhe ekonomike. Ajo \u00ebsht\u00eb e specializuar n\u00eb sektorin e telekomit dhe IT, menaxhimin e projekteve dhe negocimin e kontratave, menaxhimin e transaksioneve, strategjit\u00eb e transformimit dixhital t\u00eb nd\u00ebrmarrjeve duke p\u00ebrfshir\u00eb zhvillimin e produkteve t\u00eb reja. Anila &hellip;<\/p>\n<p class=\"read-more\"> <a class=\"\" href=\"https:\/\/diasporaflet.germin.org\/de\/anila-hyka-smograv\/\"> <span class=\"screen-reader-text\">Anila Hyka Smograv<\/span> Weiterlesen &raquo;<\/a><\/p>","protected":false},"author":1,"featured_media":0,"parent":0,"menu_order":0,"comment_status":"closed","ping_status":"closed","template":"","meta":{"site-sidebar-layout":"no-sidebar","site-content-layout":"page-builder","ast-global-header-display":"","ast-main-header-display":"","ast-hfb-above-header-display":"","ast-hfb-below-header-display":"","ast-hfb-mobile-header-display":"","site-post-title":"disabled","ast-breadcrumbs-content":"","ast-featured-img":"disabled","footer-sml-layout":"","theme-transparent-header-meta":"","adv-header-id-meta":"","stick-header-meta":"","header-above-stick-meta":"","header-main-stick-meta":"","header-below-stick-meta":""},"acf":[],"_links":{"self":[{"href":"https:\/\/diasporaflet.germin.org\/de\/wp-json\/wp\/v2\/pages\/5226"}],"collection":[{"href":"https:\/\/diasporaflet.germin.org\/de\/wp-json\/wp\/v2\/pages"}],"about":[{"href":"https:\/\/diasporaflet.germin.org\/de\/wp-json\/wp\/v2\/types\/page"}],"author":[{"embeddable":true,"href":"https:\/\/diasporaflet.germin.org\/de\/wp-json\/wp\/v2\/users\/1"}],"replies":[{"embeddable":true,"href":"https:\/\/diasporaflet.germin.org\/de\/wp-json\/wp\/v2\/comments?post=5226"}],"version-history":[{"count":7,"href":"https:\/\/diasporaflet.germin.org\/de\/wp-json\/wp\/v2\/pages\/5226\/revisions"}],"predecessor-version":[{"id":5302,"href":"https:\/\/diasporaflet.germin.org\/de\/wp-json\/wp\/v2\/pages\/5226\/revisions\/5302"}],"wp:attachment":[{"href":"https:\/\/diasporaflet.germin.org\/de\/wp-json\/wp\/v2\/media?parent=5226"}],"curies":[{"name":"wp","href":"https:\/\/api.w.org\/{rel}","templated":true}]}}